{"id":6973,"date":"2022-04-04T09:54:43","date_gmt":"2022-04-04T06:54:43","guid":{"rendered":"http:\/\/www.niyoplastik.com\/?page_id=6973"},"modified":"2022-04-04T10:02:02","modified_gmt":"2022-04-04T07:02:02","slug":"tibbi-atik-cop-kutulari-ve-konteynerleri","status":"publish","type":"page","link":"http:\/\/www.niyoplastik.com\/?page_id=6973","title":{"rendered":"T\u0131bbi At\u0131k \u00c7\u00f6p Kutular\u0131 ve Konteynerleri"},"content":{"rendered":"\t\t<div data-elementor-type=\"wp-page\" data-elementor-id=\"6973\" class=\"elementor elementor-6973\">\n\t\t\t\t\t\t\t\t\t<section class=\"elementor-section elementor-top-section elementor-element elementor-element-3bd5ec3 elementor-section-boxed elementor-section-height-default elementor-section-height-default\" data-id=\"3bd5ec3\" data-element_type=\"section\">\n\t\t\t\t\t\t<div class=\"elementor-container elementor-column-gap-default\">\n\t\t\t\t\t<div class=\"elementor-column elementor-col-100 elementor-top-column elementor-element elementor-element-bc6cdc3\" data-id=\"bc6cdc3\" data-element_type=\"column\">\n\t\t\t<div class=\"elementor-widget-wrap elementor-element-populated\">\n\t\t\t\t\t\t\t\t<div class=\"elementor-element elementor-element-4d55f85 elementor-widget elementor-widget-heading\" data-id=\"4d55f85\" data-element_type=\"widget\" data-widget_type=\"heading.default\">\n\t\t\t\t<div class=\"elementor-widget-container\">\n\t\t\t<style>\/*! elementor - v3.8.1 - 13-11-2022 *\/\n.elementor-heading-title{padding:0;margin:0;line-height:1}.elementor-widget-heading .elementor-heading-title[class*=elementor-size-]>a{color:inherit;font-size:inherit;line-height:inherit}.elementor-widget-heading .elementor-heading-title.elementor-size-small{font-size:15px}.elementor-widget-heading .elementor-heading-title.elementor-size-medium{font-size:19px}.elementor-widget-heading .elementor-heading-title.elementor-size-large{font-size:29px}.elementor-widget-heading .elementor-heading-title.elementor-size-xl{font-size:39px}.elementor-widget-heading .elementor-heading-title.elementor-size-xxl{font-size:59px}<\/style><h3 class=\"elementor-heading-title elementor-size-default\">T\u0131bbi At\u0131k \u00c7\u00f6p Kutular\u0131<\/h3>\t\t<\/div>\n\t\t\t\t<\/div>\n\t\t\t\t\t<\/div>\n\t\t<\/div>\n\t\t\t\t\t\t\t<\/div>\n\t\t<\/section>\n\t\t\t\t<section class=\"elementor-section elementor-top-section elementor-element elementor-element-4fca9da elementor-section-boxed elementor-section-height-default elementor-section-height-default\" data-id=\"4fca9da\" data-element_type=\"section\">\n\t\t\t\t\t\t<div class=\"elementor-container elementor-column-gap-default\">\n\t\t\t\t\t<div class=\"elementor-column elementor-col-50 elementor-top-column elementor-element elementor-element-8f9e237\" data-id=\"8f9e237\" data-element_type=\"column\">\n\t\t\t<div class=\"elementor-widget-wrap elementor-element-populated\">\n\t\t\t\t\t\t\t\t<div class=\"elementor-element elementor-element-2a3b1c5 elementor-widget elementor-widget-text-editor\" data-id=\"2a3b1c5\" data-element_type=\"widget\" data-widget_type=\"text-editor.default\">\n\t\t\t\t<div class=\"elementor-widget-container\">\n\t\t\t<style>\/*! elementor - v3.8.1 - 13-11-2022 *\/\n.elementor-widget-text-editor.elementor-drop-cap-view-stacked .elementor-drop-cap{background-color:#818a91;color:#fff}.elementor-widget-text-editor.elementor-drop-cap-view-framed .elementor-drop-cap{color:#818a91;border:3px solid;background-color:transparent}.elementor-widget-text-editor:not(.elementor-drop-cap-view-default) .elementor-drop-cap{margin-top:8px}.elementor-widget-text-editor:not(.elementor-drop-cap-view-default) .elementor-drop-cap-letter{width:1em;height:1em}.elementor-widget-text-editor .elementor-drop-cap{float:left;text-align:center;line-height:1;font-size:50px}.elementor-widget-text-editor .elementor-drop-cap-letter{display:inline-block}<\/style>\t\t\t\t<p><strong>\u00d6zellikleri<\/strong><\/p>\n<p>Kullan\u0131lan hammadde g\u00fcne\u015f \u0131\u015f\u0131\u011f\u0131na, s\u0131ca\u011fa ve so\u011fu\u011fa dayan\u0131kl\u0131d\u0131r.<\/p>\n<p>\u0130ste\u011fe ba\u011fl\u0131 olarak manyetik kilit sistemi ilave edilebilmektedir.<\/p>\n<p>\u0130ki tekerleklidir.<\/p>\n<p>\u00dcr\u00fcnler i\u00e7 i\u00e7e ge\u00e7ebilme \u00f6zelli\u011fine sahiptir.<\/p>\n<p>\u0130ste\u011fe ba\u011fl\u0131 olarak pedal ilave edilebilir.<\/p>\n<p>\u00d6n y\u00fczeyine D\u0130KKAT TIBB\u0130 ATIK logosu ve yaz\u0131s\u0131 s\u0131cak bask\u0131 ile yaz\u0131lmaktad\u0131r.<\/p>\n<p>\u00a0<\/p>\n<p><img decoding=\"async\" loading=\"lazy\" class=\"alignnone wp-image-6976 size-full\" src=\"http:\/\/www.niyoplastik.com\/wp-content\/uploads\/2022\/04\/niyo-plastik-tibbi-atik-cop-kutusu-olculer-120-240-litre.jpg\" alt=\"\" width=\"440\" height=\"160\" srcset=\"http:\/\/www.niyoplastik.com\/wp-content\/uploads\/2022\/04\/niyo-plastik-tibbi-atik-cop-kutusu-olculer-120-240-litre.jpg 440w, http:\/\/www.niyoplastik.com\/wp-content\/uploads\/2022\/04\/niyo-plastik-tibbi-atik-cop-kutusu-olculer-120-240-litre-300x109.jpg 300w\" sizes=\"(max-width: 440px) 100vw, 440px\" \/><\/p>\n\t\t\t\t\t\t<\/div>\n\t\t\t\t<\/div>\n\t\t\t\t\t<\/div>\n\t\t<\/div>\n\t\t\t\t<div class=\"elementor-column elementor-col-50 elementor-top-column elementor-element elementor-element-b4ac8ae\" data-id=\"b4ac8ae\" data-element_type=\"column\">\n\t\t\t<div class=\"elementor-widget-wrap elementor-element-populated\">\n\t\t\t\t\t\t\t\t<div class=\"elementor-element elementor-element-6bf150d elementor-widget elementor-widget-image\" data-id=\"6bf150d\" data-element_type=\"widget\" data-widget_type=\"image.default\">\n\t\t\t\t<div class=\"elementor-widget-container\">\n\t\t\t<style>\/*! elementor - v3.8.1 - 13-11-2022 *\/\n.elementor-widget-image{text-align:center}.elementor-widget-image a{display:inline-block}.elementor-widget-image a img[src$=\".svg\"]{width:48px}.elementor-widget-image img{vertical-align:middle;display:inline-block}<\/style>\t\t\t\t\t\t\t\t\t\t\t\t<img decoding=\"async\" width=\"324\" height=\"544\" src=\"http:\/\/www.niyoplastik.com\/wp-content\/uploads\/2022\/04\/niyo-plastik-tibbi-atik-cop-kutusu-120-240-litre1.jpg\" class=\"attachment-large size-large\" alt=\"\" loading=\"lazy\" srcset=\"http:\/\/www.niyoplastik.com\/wp-content\/uploads\/2022\/04\/niyo-plastik-tibbi-atik-cop-kutusu-120-240-litre1.jpg 324w, http:\/\/www.niyoplastik.com\/wp-content\/uploads\/2022\/04\/niyo-plastik-tibbi-atik-cop-kutusu-120-240-litre1-179x300.jpg 179w\" sizes=\"(max-width: 324px) 100vw, 324px\" \/>\t\t\t\t\t\t\t\t\t\t\t\t\t\t\t<\/div>\n\t\t\t\t<\/div>\n\t\t\t\t\t<\/div>\n\t\t<\/div>\n\t\t\t\t\t\t\t<\/div>\n\t\t<\/section>\n\t\t\t\t<section class=\"elementor-section elementor-top-section elementor-element elementor-element-c05510b elementor-section-boxed elementor-section-height-default elementor-section-height-default\" data-id=\"c05510b\" data-element_type=\"section\">\n\t\t\t\t\t\t<div class=\"elementor-container elementor-column-gap-default\">\n\t\t\t\t\t<div class=\"elementor-column elementor-col-100 elementor-top-column elementor-element elementor-element-62fe857\" data-id=\"62fe857\" data-element_type=\"column\">\n\t\t\t<div class=\"elementor-widget-wrap elementor-element-populated\">\n\t\t\t\t\t\t\t\t<div class=\"elementor-element elementor-element-3b65e7d elementor-widget elementor-widget-spacer\" data-id=\"3b65e7d\" data-element_type=\"widget\" data-widget_type=\"spacer.default\">\n\t\t\t\t<div class=\"elementor-widget-container\">\n\t\t\t<style>\/*! elementor - v3.8.1 - 13-11-2022 *\/\n.elementor-column .elementor-spacer-inner{height:var(--spacer-size)}.e-con{--container-widget-width:100%}.e-con-inner>.elementor-widget-spacer,.e-con>.elementor-widget-spacer{width:var(--container-widget-width,var(--spacer-size));-ms-flex-item-align:stretch;align-self:stretch;-ms-flex-negative:0;flex-shrink:0}.e-con-inner>.elementor-widget-spacer>.elementor-widget-container,.e-con-inner>.elementor-widget-spacer>.elementor-widget-container>.elementor-spacer,.e-con>.elementor-widget-spacer>.elementor-widget-container,.e-con>.elementor-widget-spacer>.elementor-widget-container>.elementor-spacer{height:100%}.e-con-inner>.elementor-widget-spacer>.elementor-widget-container>.elementor-spacer>.elementor-spacer-inner,.e-con>.elementor-widget-spacer>.elementor-widget-container>.elementor-spacer>.elementor-spacer-inner{height:var(--container-widget-height,var(--spacer-size))}<\/style>\t\t<div class=\"elementor-spacer\">\n\t\t\t<div class=\"elementor-spacer-inner\"><\/div>\n\t\t<\/div>\n\t\t\t\t<\/div>\n\t\t\t\t<\/div>\n\t\t\t\t\t<\/div>\n\t\t<\/div>\n\t\t\t\t\t\t\t<\/div>\n\t\t<\/section>\n\t\t\t\t<section class=\"elementor-section elementor-top-section elementor-element elementor-element-39e81f3 elementor-section-boxed elementor-section-height-default elementor-section-height-default\" data-id=\"39e81f3\" data-element_type=\"section\">\n\t\t\t\t\t\t<div class=\"elementor-container elementor-column-gap-default\">\n\t\t\t\t\t<div class=\"elementor-column elementor-col-100 elementor-top-column elementor-element elementor-element-057bd2b\" data-id=\"057bd2b\" data-element_type=\"column\">\n\t\t\t<div class=\"elementor-widget-wrap elementor-element-populated\">\n\t\t\t\t\t\t\t\t<div class=\"elementor-element elementor-element-32b3f0b elementor-widget elementor-widget-heading\" data-id=\"32b3f0b\" data-element_type=\"widget\" data-widget_type=\"heading.default\">\n\t\t\t\t<div class=\"elementor-widget-container\">\n\t\t\t<h3 class=\"elementor-heading-title elementor-size-default\">T\u0131bbi At\u0131k \u00c7\u00f6p Konteynerleri<\/h3>\t\t<\/div>\n\t\t\t\t<\/div>\n\t\t\t\t\t<\/div>\n\t\t<\/div>\n\t\t\t\t\t\t\t<\/div>\n\t\t<\/section>\n\t\t\t\t<section class=\"elementor-section elementor-top-section elementor-element elementor-element-cedb67e elementor-section-boxed elementor-section-height-default elementor-section-height-default\" data-id=\"cedb67e\" data-element_type=\"section\">\n\t\t\t\t\t\t<div class=\"elementor-container elementor-column-gap-default\">\n\t\t\t\t\t<div class=\"elementor-column elementor-col-50 elementor-top-column elementor-element elementor-element-30d003f\" data-id=\"30d003f\" data-element_type=\"column\">\n\t\t\t<div class=\"elementor-widget-wrap elementor-element-populated\">\n\t\t\t\t\t\t\t\t<div class=\"elementor-element elementor-element-82a7a06 elementor-widget elementor-widget-text-editor\" data-id=\"82a7a06\" data-element_type=\"widget\" data-widget_type=\"text-editor.default\">\n\t\t\t\t<div class=\"elementor-widget-container\">\n\t\t\t\t\t\t\t<p><strong>\u00d6zellikleri<\/strong><\/p>\n<p>Kullan\u0131lan hammadde g\u00fcne\u015f \u0131\u015f\u0131\u011f\u0131na, s\u0131ca\u011fa ve so\u011fu\u011fa dayan\u0131kl\u0131d\u0131r.<\/p>\n<p>\u0130ste\u011fe ba\u011fl\u0131 olarak manyetik kilit sistemi ilave edilebilmektedir.<\/p>\n<p>2 frenli 2 frensiz olmak \u00fczere d\u00f6rt tekerleklidir.<\/p>\n<p>\u00dcr\u00fcnler i\u00e7 i\u00e7e ge\u00e7ebilme \u00f6zelli\u011fine sahiptir.<\/p>\n<p>\u0130ste\u011fe ba\u011fl\u0131 olarak pedal ilave edilebilir.<\/p>\n<p>At\u0131k kapa\u011f\u0131 vard\u0131r.<\/p>\n<p>\u00d6n y\u00fczeyine D\u0130KKAT TIBB\u0130 ATIK logosu ve yaz\u0131s\u0131 s\u0131cak bask\u0131 ile yaz\u0131lmaktad\u0131r.<\/p>\n\t\t\t\t\t\t<\/div>\n\t\t\t\t<\/div>\n\t\t\t\t\t<\/div>\n\t\t<\/div>\n\t\t\t\t<div class=\"elementor-column elementor-col-50 elementor-top-column elementor-element elementor-element-c27b57f\" data-id=\"c27b57f\" data-element_type=\"column\">\n\t\t\t<div class=\"elementor-widget-wrap elementor-element-populated\">\n\t\t\t\t\t\t\t\t<div class=\"elementor-element elementor-element-10d0dfe elementor-widget elementor-widget-image\" data-id=\"10d0dfe\" data-element_type=\"widget\" data-widget_type=\"image.default\">\n\t\t\t\t<div class=\"elementor-widget-container\">\n\t\t\t\t\t\t\t\t\t\t\t\t\t\t\t<img decoding=\"async\" width=\"270\" height=\"284\" src=\"http:\/\/www.niyoplastik.com\/wp-content\/uploads\/2022\/04\/niyo-plastik-tibbi-atik-cop-konteyneri-660-770-litre1.jpg\" class=\"attachment-large size-large\" alt=\"\" loading=\"lazy\" \/>\t\t\t\t\t\t\t\t\t\t\t\t\t\t\t<\/div>\n\t\t\t\t<\/div>\n\t\t\t\t\t<\/div>\n\t\t<\/div>\n\t\t\t\t\t\t\t<\/div>\n\t\t<\/section>\n\t\t\t\t<section class=\"elementor-section elementor-top-section elementor-element elementor-element-2333dc9 elementor-section-boxed elementor-section-height-default elementor-section-height-default\" data-id=\"2333dc9\" data-element_type=\"section\">\n\t\t\t\t\t\t<div class=\"elementor-container elementor-column-gap-default\">\n\t\t\t\t\t<div class=\"elementor-column elementor-col-50 elementor-top-column elementor-element elementor-element-f0f935f\" data-id=\"f0f935f\" data-element_type=\"column\">\n\t\t\t<div class=\"elementor-widget-wrap elementor-element-populated\">\n\t\t\t\t\t\t\t\t<div class=\"elementor-element elementor-element-70732e9 elementor-widget elementor-widget-image\" data-id=\"70732e9\" data-element_type=\"widget\" data-widget_type=\"image.default\">\n\t\t\t\t<div class=\"elementor-widget-container\">\n\t\t\t\t\t\t\t\t\t\t\t\t\t\t\t<img decoding=\"async\" width=\"440\" height=\"150\" src=\"http:\/\/www.niyoplastik.com\/wp-content\/uploads\/2022\/04\/niyo-plastik-tibbi-atik-cop-konteyneri-olculer-660-770-litre.jpg\" class=\"attachment-large size-large\" alt=\"\" loading=\"lazy\" srcset=\"http:\/\/www.niyoplastik.com\/wp-content\/uploads\/2022\/04\/niyo-plastik-tibbi-atik-cop-konteyneri-olculer-660-770-litre.jpg 440w, http:\/\/www.niyoplastik.com\/wp-content\/uploads\/2022\/04\/niyo-plastik-tibbi-atik-cop-konteyneri-olculer-660-770-litre-300x102.jpg 300w\" sizes=\"(max-width: 440px) 100vw, 440px\" \/>\t\t\t\t\t\t\t\t\t\t\t\t\t\t\t<\/div>\n\t\t\t\t<\/div>\n\t\t\t\t\t<\/div>\n\t\t<\/div>\n\t\t\t\t<div class=\"elementor-column elementor-col-50 elementor-top-column elementor-element elementor-element-cd3f943\" data-id=\"cd3f943\" data-element_type=\"column\">\n\t\t\t<div class=\"elementor-widget-wrap elementor-element-populated\">\n\t\t\t\t\t\t\t\t<div class=\"elementor-element elementor-element-07edd73 elementor-widget elementor-widget-image\" data-id=\"07edd73\" data-element_type=\"widget\" data-widget_type=\"image.default\">\n\t\t\t\t<div class=\"elementor-widget-container\">\n\t\t\t\t\t\t\t\t\t\t\t\t\t\t\t<img decoding=\"async\" width=\"324\" height=\"129\" src=\"http:\/\/www.niyoplastik.com\/wp-content\/uploads\/2022\/04\/renkler-2.jpg\" class=\"attachment-large size-large\" alt=\"\" loading=\"lazy\" srcset=\"http:\/\/www.niyoplastik.com\/wp-content\/uploads\/2022\/04\/renkler-2.jpg 324w, http:\/\/www.niyoplastik.com\/wp-content\/uploads\/2022\/04\/renkler-2-300x119.jpg 300w\" sizes=\"(max-width: 324px) 100vw, 324px\" \/>\t\t\t\t\t\t\t\t\t\t\t\t\t\t\t<\/div>\n\t\t\t\t<\/div>\n\t\t\t\t\t<\/div>\n\t\t<\/div>\n\t\t\t\t\t\t\t<\/div>\n\t\t<\/section>\n\t\t\t\t\t\t\t<\/div>\n\t\t","protected":false},"excerpt":{"rendered":"<p>T\u0131bbi At\u0131k \u00c7\u00f6p Kutular\u0131 \u00d6zellikleri Kullan\u0131lan hammadde g\u00fcne\u015f \u0131\u015f\u0131\u011f\u0131na, s\u0131ca\u011fa ve so\u011fu\u011fa dayan\u0131kl\u0131d\u0131r. \u0130ste\u011fe ba\u011fl\u0131 olarak manyetik kilit sistemi ilave edilebilmektedir. \u0130ki tekerleklidir. \u00dcr\u00fcnler i\u00e7 i\u00e7e ge\u00e7ebilme \u00f6zelli\u011fine sahiptir. \u0130ste\u011fe ba\u011fl\u0131 olarak pedal ilave edilebilir. \u00d6n y\u00fczeyine D\u0130KKAT TIBB\u0130 ATIK logosu ve yaz\u0131s\u0131 s\u0131cak bask\u0131 ile yaz\u0131lmaktad\u0131r. \u00a0 T\u0131bbi At\u0131k \u00c7\u00f6p Konteynerleri \u00d6zellikleri Kullan\u0131lan hammadde<\/p>\n","protected":false},"author":1,"featured_media":0,"parent":0,"menu_order":0,"comment_status":"closed","ping_status":"closed","template":"","meta":[],"_links":{"self":[{"href":"http:\/\/www.niyoplastik.com\/index.php?rest_route=\/wp\/v2\/pages\/6973"}],"collection":[{"href":"http:\/\/www.niyoplastik.com\/index.php?rest_route=\/wp\/v2\/pages"}],"about":[{"href":"http:\/\/www.niyoplastik.com\/index.php?rest_route=\/wp\/v2\/types\/page"}],"author":[{"embeddable":true,"href":"http:\/\/www.niyoplastik.com\/index.php?rest_route=\/wp\/v2\/users\/1"}],"replies":[{"embeddable":true,"href":"http:\/\/www.niyoplastik.com\/index.php?rest_route=%2Fwp%2Fv2%2Fcomments&post=6973"}],"version-history":[{"count":4,"href":"http:\/\/www.niyoplastik.com\/index.php?rest_route=\/wp\/v2\/pages\/6973\/revisions"}],"predecessor-version":[{"id":6982,"href":"http:\/\/www.niyoplastik.com\/index.php?rest_route=\/wp\/v2\/pages\/6973\/revisions\/6982"}],"wp:attachment":[{"href":"http:\/\/www.niyoplastik.com\/index.php?rest_route=%2Fwp%2Fv2%2Fmedia&parent=6973"}],"curies":[{"name":"wp","href":"https:\/\/api.w.org\/{rel}","templated":true}]}}