{"id":4482,"date":"2015-12-15T07:37:33","date_gmt":"2015-12-15T04:37:33","guid":{"rendered":"http:\/\/consulting.stylemixthemes.com\/?page_id=9"},"modified":"2022-04-04T13:36:03","modified_gmt":"2022-04-04T10:36:03","slug":"company-overview","status":"publish","type":"page","link":"http:\/\/www.niyoplastik.com\/?page_id=4482","title":{"rendered":"Vizyon &#038; Misyon"},"content":{"rendered":"\t\t<div data-elementor-type=\"wp-page\" data-elementor-id=\"4482\" class=\"elementor elementor-4482\">\n\t\t\t\t\t\t\t\t\t<section class=\"elementor-section elementor-top-section elementor-element elementor-element-c958810 elementor-section-full_width elementor-section-height-default elementor-section-height-default\" data-id=\"c958810\" data-element_type=\"section\">\n\t\t\t\t\t\t<div class=\"elementor-container elementor-column-gap-default\">\n\t\t\t\t\t<div class=\"elementor-column elementor-col-100 elementor-top-column elementor-element elementor-element-817fadd\" data-id=\"817fadd\" data-element_type=\"column\">\n\t\t\t<div class=\"elementor-widget-wrap elementor-element-populated\">\n\t\t\t\t\t\t\t\t<div class=\"elementor-element elementor-element-3f95217 elementor-widget elementor-widget-image\" data-id=\"3f95217\" data-element_type=\"widget\" data-widget_type=\"image.default\">\n\t\t\t\t<div class=\"elementor-widget-container\">\n\t\t\t<style>\/*! elementor - v3.8.1 - 13-11-2022 *\/\n.elementor-widget-image{text-align:center}.elementor-widget-image a{display:inline-block}.elementor-widget-image a img[src$=\".svg\"]{width:48px}.elementor-widget-image img{vertical-align:middle;display:inline-block}<\/style>\t\t\t\t\t\t\t\t\t\t\t\t<img decoding=\"async\" width=\"1140\" height=\"480\" src=\"http:\/\/www.niyoplastik.com\/wp-content\/uploads\/2022\/04\/misyon-vizyon-niyo-plastik-gorsel.png\" class=\"attachment-full size-full\" alt=\"\" loading=\"lazy\" srcset=\"http:\/\/www.niyoplastik.com\/wp-content\/uploads\/2022\/04\/misyon-vizyon-niyo-plastik-gorsel.png 1140w, http:\/\/www.niyoplastik.com\/wp-content\/uploads\/2022\/04\/misyon-vizyon-niyo-plastik-gorsel-300x126.png 300w, http:\/\/www.niyoplastik.com\/wp-content\/uploads\/2022\/04\/misyon-vizyon-niyo-plastik-gorsel-1024x431.png 1024w, http:\/\/www.niyoplastik.com\/wp-content\/uploads\/2022\/04\/misyon-vizyon-niyo-plastik-gorsel-768x323.png 768w, http:\/\/www.niyoplastik.com\/wp-content\/uploads\/2022\/04\/misyon-vizyon-niyo-plastik-gorsel-900x379.png 900w\" sizes=\"(max-width: 1140px) 100vw, 1140px\" \/>\t\t\t\t\t\t\t\t\t\t\t\t\t\t\t<\/div>\n\t\t\t\t<\/div>\n\t\t\t\t\t<\/div>\n\t\t<\/div>\n\t\t\t\t\t\t\t<\/div>\n\t\t<\/section>\n\t\t\t\t<section class=\"elementor-section elementor-top-section elementor-element elementor-element-eb40e63 elementor-section-boxed elementor-section-height-default elementor-section-height-default\" data-id=\"eb40e63\" data-element_type=\"section\" data-settings=\"{&quot;background_background&quot;:&quot;classic&quot;}\">\n\t\t\t\t\t\t<div class=\"elementor-container elementor-column-gap-default\">\n\t\t\t\t\t<div class=\"elementor-column elementor-col-100 elementor-top-column elementor-element elementor-element-eb41361\" data-id=\"eb41361\" data-element_type=\"column\">\n\t\t\t<div class=\"elementor-widget-wrap elementor-element-populated\">\n\t\t\t\t\t\t\t\t<div class=\"elementor-element elementor-element-eb418e1 elementor-widget elementor-widget-text-editor\" data-id=\"eb418e1\" data-element_type=\"widget\" data-widget_type=\"text-editor.default\">\n\t\t\t\t<div class=\"elementor-widget-container\">\n\t\t\t<style>\/*! elementor - v3.8.1 - 13-11-2022 *\/\n.elementor-widget-text-editor.elementor-drop-cap-view-stacked .elementor-drop-cap{background-color:#818a91;color:#fff}.elementor-widget-text-editor.elementor-drop-cap-view-framed .elementor-drop-cap{color:#818a91;border:3px solid;background-color:transparent}.elementor-widget-text-editor:not(.elementor-drop-cap-view-default) .elementor-drop-cap{margin-top:8px}.elementor-widget-text-editor:not(.elementor-drop-cap-view-default) .elementor-drop-cap-letter{width:1em;height:1em}.elementor-widget-text-editor .elementor-drop-cap{float:left;text-align:center;line-height:1;font-size:50px}.elementor-widget-text-editor .elementor-drop-cap-letter{display:inline-block}<\/style>\t\t\t\t<h2>Misyon &amp; Vizyon<\/h2>\n<p>\u00a0<\/p>\n<p>Teknolojik, \u00e7evreci ve yenilik\u00e7i bir bak\u0131\u015f a\u00e7\u0131s\u0131 ile en faydal\u0131 \u00fcr\u00fcnleri \u00fcretmek.<\/p>\n<p>T\u00fcm \u00e7al\u0131\u015fmalar\u0131m\u0131zda g\u00fcvenilir, inovatif metodlar ile gelece\u011fi d\u00fc\u015f\u00fcnen hizmetleri sunmaya devam etmek.<\/p>\n\t\t\t\t\t\t<\/div>\n\t\t\t\t<\/div>\n\t\t\t\t\t<\/div>\n\t\t<\/div>\n\t\t\t\t\t\t\t<\/div>\n\t\t<\/section>\n\t\t\t\t\t\t\t<\/div>\n\t\t","protected":false},"excerpt":{"rendered":"<p>Misyon &amp; Vizyon \u00a0 Teknolojik, \u00e7evreci ve yenilik\u00e7i bir bak\u0131\u015f a\u00e7\u0131s\u0131 ile en faydal\u0131 \u00fcr\u00fcnleri \u00fcretmek. T\u00fcm \u00e7al\u0131\u015fmalar\u0131m\u0131zda g\u00fcvenilir, inovatif metodlar ile gelece\u011fi d\u00fc\u015f\u00fcnen hizmetleri sunmaya devam etmek.<\/p>\n","protected":false},"author":1,"featured_media":0,"parent":0,"menu_order":0,"comment_status":"closed","ping_status":"closed","template":"","meta":[],"_links":{"self":[{"href":"http:\/\/www.niyoplastik.com\/index.php?rest_route=\/wp\/v2\/pages\/4482"}],"collection":[{"href":"http:\/\/www.niyoplastik.com\/index.php?rest_route=\/wp\/v2\/pages"}],"about":[{"href":"http:\/\/www.niyoplastik.com\/index.php?rest_route=\/wp\/v2\/types\/page"}],"author":[{"embeddable":true,"href":"http:\/\/www.niyoplastik.com\/index.php?rest_route=\/wp\/v2\/users\/1"}],"replies":[{"embeddable":true,"href":"http:\/\/www.niyoplastik.com\/index.php?rest_route=%2Fwp%2Fv2%2Fcomments&post=4482"}],"version-history":[{"count":10,"href":"http:\/\/www.niyoplastik.com\/index.php?rest_route=\/wp\/v2\/pages\/4482\/revisions"}],"predecessor-version":[{"id":7115,"href":"http:\/\/www.niyoplastik.com\/index.php?rest_route=\/wp\/v2\/pages\/4482\/revisions\/7115"}],"wp:attachment":[{"href":"http:\/\/www.niyoplastik.com\/index.php?rest_route=%2Fwp%2Fv2%2Fmedia&parent=4482"}],"curies":[{"name":"wp","href":"https:\/\/api.w.org\/{rel}","templated":true}]}}