{"id":377,"date":"2016-01-07T04:23:21","date_gmt":"2016-01-07T01:23:21","guid":{"rendered":"http:\/\/consulting.stylemixthemes.com\/?page_id=377"},"modified":"2022-04-04T13:37:03","modified_gmt":"2022-04-04T10:37:03","slug":"company-history","status":"publish","type":"page","link":"http:\/\/www.niyoplastik.com\/?page_id=377","title":{"rendered":"Hakk\u0131m\u0131zda"},"content":{"rendered":"\t\t<div data-elementor-type=\"wp-page\" data-elementor-id=\"377\" class=\"elementor elementor-377\">\n\t\t\t\t\t\t\t\t\t<section class=\"elementor-section elementor-top-section elementor-element elementor-element-781367d elementor-section-full_width elementor-section-height-default elementor-section-height-default\" data-id=\"781367d\" data-element_type=\"section\">\n\t\t\t\t\t\t<div class=\"elementor-container elementor-column-gap-default\">\n\t\t\t\t\t<div class=\"elementor-column elementor-col-100 elementor-top-column elementor-element elementor-element-fb53d48\" data-id=\"fb53d48\" data-element_type=\"column\">\n\t\t\t<div class=\"elementor-widget-wrap elementor-element-populated\">\n\t\t\t\t\t\t\t\t<div class=\"elementor-element elementor-element-ba10905 elementor-widget elementor-widget-image\" data-id=\"ba10905\" data-element_type=\"widget\" data-widget_type=\"image.default\">\n\t\t\t\t<div class=\"elementor-widget-container\">\n\t\t\t<style>\/*! elementor - v3.8.1 - 13-11-2022 *\/\n.elementor-widget-image{text-align:center}.elementor-widget-image a{display:inline-block}.elementor-widget-image a img[src$=\".svg\"]{width:48px}.elementor-widget-image img{vertical-align:middle;display:inline-block}<\/style>\t\t\t\t\t\t\t\t\t\t\t\t<img decoding=\"async\" width=\"1140\" height=\"480\" src=\"http:\/\/www.niyoplastik.com\/wp-content\/uploads\/2022\/04\/hakkimizda-niyo-plastik-gorsel.png\" class=\"attachment-full size-full\" alt=\"\" loading=\"lazy\" srcset=\"http:\/\/www.niyoplastik.com\/wp-content\/uploads\/2022\/04\/hakkimizda-niyo-plastik-gorsel.png 1140w, http:\/\/www.niyoplastik.com\/wp-content\/uploads\/2022\/04\/hakkimizda-niyo-plastik-gorsel-300x126.png 300w, http:\/\/www.niyoplastik.com\/wp-content\/uploads\/2022\/04\/hakkimizda-niyo-plastik-gorsel-1024x431.png 1024w, http:\/\/www.niyoplastik.com\/wp-content\/uploads\/2022\/04\/hakkimizda-niyo-plastik-gorsel-768x323.png 768w, http:\/\/www.niyoplastik.com\/wp-content\/uploads\/2022\/04\/hakkimizda-niyo-plastik-gorsel-900x379.png 900w\" sizes=\"(max-width: 1140px) 100vw, 1140px\" \/>\t\t\t\t\t\t\t\t\t\t\t\t\t\t\t<\/div>\n\t\t\t\t<\/div>\n\t\t\t\t\t<\/div>\n\t\t<\/div>\n\t\t\t\t\t\t\t<\/div>\n\t\t<\/section>\n\t\t\t\t<section class=\"elementor-section elementor-top-section elementor-element elementor-element-ba0f96f elementor-section-boxed elementor-section-height-default elementor-section-height-default\" data-id=\"ba0f96f\" data-element_type=\"section\" data-settings=\"{&quot;background_background&quot;:&quot;classic&quot;}\">\n\t\t\t\t\t\t<div class=\"elementor-container elementor-column-gap-default\">\n\t\t\t\t\t<div class=\"elementor-column elementor-col-100 elementor-top-column elementor-element elementor-element-ba1051b\" data-id=\"ba1051b\" data-element_type=\"column\">\n\t\t\t<div class=\"elementor-widget-wrap elementor-element-populated\">\n\t\t\t\t\t\t\t\t<div class=\"elementor-element elementor-element-ba110be elementor-widget elementor-widget-text-editor\" data-id=\"ba110be\" data-element_type=\"widget\" data-widget_type=\"text-editor.default\">\n\t\t\t\t<div class=\"elementor-widget-container\">\n\t\t\t<style>\/*! elementor - v3.8.1 - 13-11-2022 *\/\n.elementor-widget-text-editor.elementor-drop-cap-view-stacked .elementor-drop-cap{background-color:#818a91;color:#fff}.elementor-widget-text-editor.elementor-drop-cap-view-framed .elementor-drop-cap{color:#818a91;border:3px solid;background-color:transparent}.elementor-widget-text-editor:not(.elementor-drop-cap-view-default) .elementor-drop-cap{margin-top:8px}.elementor-widget-text-editor:not(.elementor-drop-cap-view-default) .elementor-drop-cap-letter{width:1em;height:1em}.elementor-widget-text-editor .elementor-drop-cap{float:left;text-align:center;line-height:1;font-size:50px}.elementor-widget-text-editor .elementor-drop-cap-letter{display:inline-block}<\/style>\t\t\t\t<h2>Hakk\u0131m\u0131zda<\/h2>\n<p>Niyo Plastik A.\u015e. olarak \u00a0\u201cGelece\u011fi D\u00fc\u015f\u00fcnen Hizmet\u201d slogan\u0131 ile \u00e7\u0131kt\u0131\u011f\u0131m\u0131z bu yolda +20 y\u0131la dayanan sekt\u00f6r tecr\u00fcbe ile m\u00fc\u015fterilerimize g\u00fcvenilir bir hizmet sunmaktay\u0131z.<\/p>\n<p>\u00d6zel sekt\u00f6r ve yerel y\u00f6netimlerin ihtiya\u00e7 duydu\u011fu \u00e7evreci, \u00e7e\u015fitli ala\u015f\u0131m ve ebatlarda \u00fcretimini sa\u011flad\u0131\u011f\u0131m\u0131z \u00fcr\u00fcnlerimiz ile sekt\u00f6rde ciddi bir birikime sahibiz. Modern \u00e7al\u0131\u015fma sistemi ile i\u015f g\u00fcvenli\u011fi ve g\u00fcvenli\u011fi \u00f6n planda tutularak AR-GE \u00e7al\u0131\u015fmalar\u0131na da tam h\u0131z devam etmekteyiz.<\/p>\n<p>\u00dcretilen \u00fcr\u00fcnlerde galvaniz ve plastik materyaller mevcut olup, kimyasallara, donmaya, \u0131s\u0131ya ve UV \u0131\u015f\u0131nlar\u0131na kar\u015f\u0131 dayan\u0131kl\u0131 \u00fcr\u00fcnleri \u00fcretmekteyiz.<\/p>\n<p>Taleplere istinaden \u00f6zel \u00fcretim de yapmakta, \u00fcretti\u011fi prototipleri m\u00fc\u015fteriye sunmakta ve t\u00fcm detayl\u0131 bilgileri \u015feffaf bir \u015fekilde sergilemekteyiz.<\/p>\n<p>\u00dcretti\u011fi her \u00fcr\u00fcn\u00fcn \u00e7evre standartlar\u0131na, TSE standartlar\u0131na uygun olarak \u00fcretmekte, TS EN ISO 9001 Kalite Y\u00f6netim Sistemi, TS EN ISO 14001 \u00c7evre Y\u00f6netim Sistemi, TS 18001 \u0130\u015f Sa\u011fl\u0131\u011f\u0131 ve G\u00fcvenli\u011fi Y\u00f6netim Sistemleri\u2019ne uygun CE belgeli \u00fcr\u00fcnlerini \u00e7ok say\u0131da testlerden ve kalite kontrolden ge\u00e7irmekteyiz.<\/p>\n<p>T\u00fcrkiye\u2019nin yerli plastik \u00e7\u00f6p konteyneri \u00fcreticisi olarak, \u00fcr\u00fcn teslim sonras\u0131 hizmet kalitesi ile de mutlak m\u00fc\u015fteri memnuniyeti sa\u011flamak i\u00e7in \u00f6zenle \u00e7al\u0131\u015fmaktay\u0131z.<\/p>\n<p>T\u00fcrkiye\u2019de 7 b\u00f6lgeye e\u015fit hizmet sunuyor, katma de\u011fere \u00f6nem veren \u00e7al\u0131\u015fma anlay\u0131\u015f\u0131m\u0131z ile \u00f6zel sekt\u00f6r ve yerel y\u00f6netimlerin \u00e7\u00f6z\u00fcm orta\u011f\u0131 oluyoruz.<\/p>\n<p>Biliyoruz ki, gelece\u011fe en b\u00fcy\u00fck miras \u00e7evreci, ya\u015fan\u0131labilir ve \u00fcreten bir d\u00fcnya b\u0131rakabilmektir. Bu nedenle at\u0131klar\u0131n ayr\u0131\u015ft\u0131r\u0131lmas\u0131, geri d\u00f6n\u00fc\u015ft\u00fcrebilir sistemin par\u00e7as\u0131 olma yolunda \u00f6nemli bir detay olmam\u0131z ad\u0131na \u00e7al\u0131\u015fmalar\u0131m\u0131za devem etmekteyiz.<\/p>\n<p><strong>Niyo Plastik A.\u015e.<br \/>Gelece\u011fi d\u00fc\u015f\u00fcnen hizmet\u2026<\/strong><\/p>\n\t\t\t\t\t\t<\/div>\n\t\t\t\t<\/div>\n\t\t\t\t\t<\/div>\n\t\t<\/div>\n\t\t\t\t\t\t\t<\/div>\n\t\t<\/section>\n\t\t\t\t<section class=\"elementor-section elementor-top-section elementor-element elementor-element-4fce4cc elementor-section-boxed elementor-section-height-default elementor-section-height-default\" data-id=\"4fce4cc\" data-element_type=\"section\">\n\t\t\t\t\t\t<div class=\"elementor-container elementor-column-gap-default\">\n\t\t\t\t\t<div class=\"elementor-column elementor-col-100 elementor-top-column elementor-element elementor-element-d31b7e0\" data-id=\"d31b7e0\" data-element_type=\"column\">\n\t\t\t<div class=\"elementor-widget-wrap elementor-element-populated\">\n\t\t\t\t\t\t\t\t<div class=\"elementor-element elementor-element-c88d6a1 elementor-widget elementor-widget-image\" data-id=\"c88d6a1\" data-element_type=\"widget\" data-widget_type=\"image.default\">\n\t\t\t\t<div class=\"elementor-widget-container\">\n\t\t\t\t\t\t\t\t\t\t\t\t\t\t\t<img decoding=\"async\" width=\"1024\" height=\"487\" src=\"http:\/\/www.niyoplastik.com\/wp-content\/uploads\/2022\/04\/hakkimizda-niyo-plastik-1024x487.png\" class=\"attachment-large size-large\" alt=\"\" loading=\"lazy\" srcset=\"http:\/\/www.niyoplastik.com\/wp-content\/uploads\/2022\/04\/hakkimizda-niyo-plastik-1024x487.png 1024w, http:\/\/www.niyoplastik.com\/wp-content\/uploads\/2022\/04\/hakkimizda-niyo-plastik-300x143.png 300w, http:\/\/www.niyoplastik.com\/wp-content\/uploads\/2022\/04\/hakkimizda-niyo-plastik-768x365.png 768w, http:\/\/www.niyoplastik.com\/wp-content\/uploads\/2022\/04\/hakkimizda-niyo-plastik-900x428.png 900w, http:\/\/www.niyoplastik.com\/wp-content\/uploads\/2022\/04\/hakkimizda-niyo-plastik.png 1140w\" sizes=\"(max-width: 1024px) 100vw, 1024px\" \/>\t\t\t\t\t\t\t\t\t\t\t\t\t\t\t<\/div>\n\t\t\t\t<\/div>\n\t\t\t\t\t<\/div>\n\t\t<\/div>\n\t\t\t\t\t\t\t<\/div>\n\t\t<\/section>\n\t\t\t\t\t\t\t<\/div>\n\t\t","protected":false},"excerpt":{"rendered":"<p>Hakk\u0131m\u0131zda Niyo Plastik A.\u015e. olarak \u00a0\u201cGelece\u011fi D\u00fc\u015f\u00fcnen Hizmet\u201d slogan\u0131 ile \u00e7\u0131kt\u0131\u011f\u0131m\u0131z bu yolda +20 y\u0131la dayanan sekt\u00f6r tecr\u00fcbe ile m\u00fc\u015fterilerimize g\u00fcvenilir bir hizmet sunmaktay\u0131z. \u00d6zel sekt\u00f6r ve yerel y\u00f6netimlerin ihtiya\u00e7 duydu\u011fu \u00e7evreci, \u00e7e\u015fitli ala\u015f\u0131m ve ebatlarda \u00fcretimini sa\u011flad\u0131\u011f\u0131m\u0131z \u00fcr\u00fcnlerimiz ile sekt\u00f6rde ciddi bir birikime sahibiz. Modern \u00e7al\u0131\u015fma sistemi ile i\u015f g\u00fcvenli\u011fi ve g\u00fcvenli\u011fi \u00f6n planda<\/p>\n","protected":false},"author":1,"featured_media":0,"parent":4482,"menu_order":0,"comment_status":"closed","ping_status":"closed","template":"","meta":[],"_links":{"self":[{"href":"http:\/\/www.niyoplastik.com\/index.php?rest_route=\/wp\/v2\/pages\/377"}],"collection":[{"href":"http:\/\/www.niyoplastik.com\/index.php?rest_route=\/wp\/v2\/pages"}],"about":[{"href":"http:\/\/www.niyoplastik.com\/index.php?rest_route=\/wp\/v2\/types\/page"}],"author":[{"embeddable":true,"href":"http:\/\/www.niyoplastik.com\/index.php?rest_route=\/wp\/v2\/users\/1"}],"replies":[{"embeddable":true,"href":"http:\/\/www.niyoplastik.com\/index.php?rest_route=%2Fwp%2Fv2%2Fcomments&post=377"}],"version-history":[{"count":28,"href":"http:\/\/www.niyoplastik.com\/index.php?rest_route=\/wp\/v2\/pages\/377\/revisions"}],"predecessor-version":[{"id":7119,"href":"http:\/\/www.niyoplastik.com\/index.php?rest_route=\/wp\/v2\/pages\/377\/revisions\/7119"}],"up":[{"embeddable":true,"href":"http:\/\/www.niyoplastik.com\/index.php?rest_route=\/wp\/v2\/pages\/4482"}],"wp:attachment":[{"href":"http:\/\/www.niyoplastik.com\/index.php?rest_route=%2Fwp%2Fv2%2Fmedia&parent=377"}],"curies":[{"name":"wp","href":"https:\/\/api.w.org\/{rel}","templated":true}]}}